{"id":2471,"date":"2017-02-03T09:05:19","date_gmt":"2017-02-03T09:05:19","guid":{"rendered":"http:\/\/soldaduratecnica.com\/politica-de-cookies\/"},"modified":"2019-11-07T14:08:37","modified_gmt":"2019-11-07T14:08:37","slug":"politica-de-cookies","status":"publish","type":"page","link":"https:\/\/soldaduratecnica.com\/en\/politica-de-cookies\/","title":{"rendered":"Pol\u00edtica de cookies"},"content":{"rendered":"<p>[vc_row][vc_column][vc_column_text]<\/p>\n<p style=\"text-align: justify;\"><span class=\"notranslate\">The website uses its own and third-party cookies to evaluate and improve the user&#8217;s browsing experience.<\/span> <span class=\"notranslate\"> Through the following Cookies Policy, we provide you with more detailed information about our use of cookies:<\/span><\/p>\n<p>[\/vc_column_text][\/vc_column][\/vc_row][vc_row][vc_column][vc_tta_accordion style=&#8221;anps-style-1&#8243; active_section=&#8221;1&#8243;][vc_tta_section title=&#8221;What are cookies?&#8221; tab_id=&#8221;1556629980515-b76f4605-22ee12b0-0223&#8243;][vc_column_text]<span class=\"notranslate\">The <strong>Ates 2003 SLU<\/strong> Website (hereinafter the Website) uses Cookies.<\/span> <span class=\"notranslate\"> Cookies are files sent to a browser through a web server to record the activities of the User on a specific website.<\/span> <span class=\"notranslate\"> The first purpose of Cookies is to provide the user with faster access to the selected services.<\/span> <span class=\"notranslate\"> In addition, Cookies personalize the services offered by the Web, providing and offering each user information that is of interest or that may be of interest, based on the use made of the Services.<\/span><\/p>\n<p><span class=\"notranslate\"> The Website uses Cookies to personalize and facilitate user navigation.<\/span> <span class=\"notranslate\"> Cookies are only associated with an anonymous user and his computer and do not provide references that allow the user&#8217;s personal data to be deduced.<\/span> <span class=\"notranslate\"> The user can configure their browser to notify and reject the installation of Cookies sent by the Web, without damaging the possibility of the user to access the contents of said website.<\/span> <span class=\"notranslate\"> However, we note that, in any case, the performance of the website may decrease.<\/span><\/p>\n<p><span class=\"notranslate\"> Registered users, who register or who have logged in, can benefit from more personalized and profile-oriented services, thanks to the combination of data stored in cookies with personal data used at the time of registration.<\/span> <span class=\"notranslate\"> These users expressly authorize the use of this information for the indicated purpose, without prejudice to their right to refuse or disable the use of cookies.<\/span><\/p>\n<p><span class=\"notranslate\"> Likewise, the Web may know all the services requested by users, so that they can provide or offer adequate information to the tastes and preferences of each user.<\/span><\/p>\n<p style=\"text-align: justify;\">La Web utiliza Cookies para personalizar y facilitar al m\u00e1ximo la navegaci\u00f3n del usuario. Las Cookies se asocian \u00fanicamente a un usuario an\u00f3nimo y su ordenador y no proporcionan referencias que permitan deducir datos personales del usuario. El usuario podr\u00e1 configurar su navegador para que notifique y rechace la instalaci\u00f3n las Cookies enviadas por la Web, sin que ello perjudique la posibilidad del usuario de acceder a los contenidos de dicha web. Sin embargo, le hacemos notar que, en todo caso, la calidad de funcionamiento de la p\u00e1gina Web puede disminuir.<\/p>\n<p style=\"text-align: justify;\">Los usuarios registrados, que se registren o que hayan iniciado sesi\u00f3n, podr\u00e1n beneficiarse de unos servicios m\u00e1s personalizados y orientados a su perfil, gracias a la combinaci\u00f3n de los datos almacenados en las cookies con los datos personales utilizados en el momento de su registro. Dichos usuarios autorizan expresamente el uso de esta informaci\u00f3n con la finalidad indicada, sin perjuicio de su derecho a rechazar o deshabilitar el uso de cookies.<\/p>\n<p style=\"text-align: justify;\">Asimismo, la Web podr\u00e1 saber todos los servicios solicitados por los usuarios, de forma que podr\u00e1n facilitar u ofrecer informaci\u00f3n adecuada a los gustos y preferencias de cada usuario.<\/p>\n<p>[\/vc_column_text][\/vc_tta_section][vc_tta_section title=&#8221;What types of cookies exist?&#8221; tab_id=&#8221;1556629980565-60d1350b-af0212b0-0223&#8243;][vc_column_text]<span class=\"notranslate\">Cookies, depending on their <strong>permanence<\/strong> , can be divided into:<\/span>[\/vc_column_text]<div class='table-responsive'><table class='table'><thead ><tr><th><\/th><th><\/th><\/tr><\/thead><tbody><tr><td>Session Cookies<\/td><td>They expire when the user closes the browser.<\/td><\/tr><tr><td>Persistent cookies<\/td><td>They expire depending on when the objective for which they serve is fulfilled (for example, so that the user remains identified in the Services) or when they are manually deleted.<\/td><\/tr><\/tbody><\/table><\/div>[vc_column_text]<span class=\"notranslate\">Depending on their <strong>Owner, they<\/strong> can be divided into:<\/span>[\/vc_column_text]<div class='table-responsive'><table class='table'><thead ><tr><th><\/th><th><\/th><\/tr><\/thead><tbody><tr><td>Own cookies<\/td><td>Are those that are sent to the user&#8217;s terminal equipment from a computer or domain managed by the editor itself and from which the service requested by the user is provided.<\/td><\/tr><tr><td>Third party cookies<\/td><td>They are those that are sent to the user&#8217;s terminal equipment from a computer or domain that is not managed by the editor, but by another entity that processes the data obtained through cookies.<\/td><\/tr><\/tbody><\/table><\/div>[vc_column_text]<\/p>\n<p style=\"text-align: justify;\"><span class=\"notranslate\">Additionally, depending on their <strong>Objective<\/strong> , Cookies can be classified as follows:<\/span><\/p>\n<p>[\/vc_column_text]<div class='table-responsive'><table class='table'><thead ><tr><th><\/th><th><\/th><\/tr><\/thead><tbody><tr><td>Performance Cookies<\/td><td>This type of Cookie remembers your preferences for the tools found in the services, so you do not have to reconfigure the service every time you visit. As an example, this typology includes:<\/td><\/tr><tr><td><\/td><td>Volume settings of video or sound players.<\/td><\/tr><tr><td><\/td><td>The video transmission speeds that are compatible with your browser.<\/td><\/tr><tr><td><\/td><td><\/td><\/tr><tr><td>Geo-location cookies<\/td><td>These Cookies are used to find out what country you are in when a service is requested. This Cookie is completely anonymous, and is only used to help orient the content to its location.<\/td><\/tr><tr><td><\/td><td><\/td><\/tr><tr><td>Registration Cookies<\/td><td>Registration cookies are generated once the user has registered or subsequently opened their session, and they are used to identify them in the services with the following objectives:<\/td><\/tr><tr><td><\/td><td>Keep the user identified so that, if you close a service, the browser or the computer and at another time or another day re-enter that service, you will remain identified, thus facilitating your navigation without having to identify yourself again. This functionality can be suppressed if the user presses the &#8220;log out&#8221; functionality, so that this Cookie is deleted and the next time the user enters the service the user will have to log in to be identified.<\/td><\/tr><tr><td><\/td><td> Check if the user is authorized to access certain services, for example, to participate in a contest.<\/td><\/tr><tr><td><\/td><td><\/td><\/tr><tr><td>Analytical Cookies<\/td><td>Each time a user visits a service, a tool from an external provider generates an analytical cookie on the user&#8217;s computer. This Cookie that is only generated in the visit, will serve in future visits to the Web Services to identify the visitor anonymously. The main objectives pursued are:<\/td><\/tr><tr><td><\/td><td>Allow anonymous identification of navigating users through the &#8220;Cookie&#8221; (identifies browsers and devices, not people) and therefore the approximate counting of the number of visitors and their trend over time.<\/td><\/tr><tr><td><\/td><td>Anonymously identify the most visited content and therefore more attractive to users.<\/td><\/tr><tr><td><\/td><td>Know if the user who is accessing is new or repeats visit.<\/td><\/tr><tr><td><\/td><td>Important: Unless the user decides to register for a Web service, the &#8220;Cookie&#8221; will never be associated with any personal data that can identify him. These Cookies will only be used for statistical purposes that help to optimize the experience of the Users on the site.<\/td><\/tr><tr><td><\/td><td><\/td><\/tr><tr><td>Behavioral advertising cookies<\/td><td>This type of &#8220;Cookies&#8221; allows to expand the information of the advertisements shown to each anonymous user in the Web Services. Among others, the duration or frequency of display of advertising positions, the interaction with them, or the navigation patterns and \/ or user compartments are stored as they help shape a profile of advertising interest. In this way, they allow to offer advertising related to the interests of the user.<\/td><\/tr><tr><td><\/td><td><\/td><\/tr><tr><td>Third party advertising cookies<\/td><td>In addition to the advertising managed by the Web in its Services, the Web offers its advertisers the option of serving advertisements through third parties (\u201cAdServers\u201d). In this way, these third parties can store Cookies sent from the Web Services from the Users&#8217; browsers, as well as access the data stored in them.<\/td><\/tr><\/tbody><\/table><\/div>[\/vc_tta_section][vc_tta_section title=&#8221;What cookies do we use?&#8221; tab_id=&#8221;1556795278290-25f251cd-647b12b0-0223&#8243;][vc_column_text]<strong><span class=\"notranslate\">Own:<\/span><\/strong>[\/vc_column_text]<div class='table-responsive'><table class='table table-bordered'><thead ><tr><th>NAME<\/th><th>KIND<\/th><th>DOMAIN<\/th><th>EXPIRATION<\/th><th>FUNCTION<\/th><\/tr><\/thead><tbody><tr><td>cdp-cookies-plugin-wp<\/td><td>Persistent<\/td><td>www.soldaduratecnica.com<\/td><td>1 Year<\/td><td>This cookie is used to show or not show the cookie policy notice depending on whether it has already been accepted or not.<\/td><\/tr><tr><td>qtrans_front_language<\/td><td>Persistent<\/td><td>www.soldaduratecnica.com<\/td><td>1 Year<\/td><td>It is used to know the language selected by the user on his last visit<\/td><\/tr><\/tbody><\/table><\/div>[vc_column_text]<strong><span class=\"notranslate\">From third parties:<\/span><\/strong>[\/vc_column_text]<div class='table-responsive'><table class='table table-bordered'><thead ><tr><th>NAME<\/th><th>KIND<\/th><th>DOMAIN<\/th><th>EXPIRATION<\/th><th>FUNCTION<\/th><th>ENLACE OPT-OUT<\/th><\/tr><\/thead><tbody><tr><td>_gid<\/td><td>analysis<\/td><td>www.soldaduratecnica.com<\/td><td>24 Hours<\/td><td>Collect information on the navigation of users through the site in order to know the origin of visits and other similar data at the statistical level.<\/td><td>https:\/\/www.google.com\/intl\/es\/policies\/privacy\/<\/td><\/tr><tr><td>_ga<\/td><td>analysis<\/td><td>www.soldaduratecnica.com<\/td><td>2 years<\/td><td>Collect information on the navigation of users through the site in order to know the origin of visits and other similar data at the statistical level.<\/td><td>https:\/\/www.google.com\/intl\/es\/policies\/privacy\/<\/td><\/tr><\/tbody><\/table><\/div>[\/vc_tta_section][vc_tta_section title=&#8221;How to disable cookies?&#8221; tab_id=&#8221;1556796313675-8c65c94c-39b712b0-0223&#8243;][vc_column_text]<span class=\"notranslate\">Normally it is possible to stop accepting the Cookies of the browser, or stop accepting the Cookies of a particular Service.<\/span><\/p>\n<p><span class=\"notranslate\"> All modern browsers allow you to change the configuration of Cookies.<\/span> <span class=\"notranslate\"> These settings are usually found in the &#8220;options&#8221; or &#8220;preferences&#8221; of your browser menu.<\/span> <span class=\"notranslate\"> You can also configure your browser or email manager, as well as install free add-ons to prevent Web <em>Bugs from<\/em> downloading when opening an email.<\/span><\/p>\n<p><span class=\"notranslate\"> The Web offers guidance to the User on the steps to access the <em>cookie<\/em> configuration menu and, where appropriate, private browsing in each of the main browsers:<\/span>[\/vc_column_text]<div class='table-responsive'><table class='table'><thead ><tr><th><\/th><th><\/th><\/tr><\/thead><tbody><tr><td>Internet Explorer<\/td><td>Tools \/ Internet Options \/ Privacy \/ Settings. For more information, you can consult Microsoft support or browser Help.<\/td><\/tr><tr><td>Microsoft Edge<\/td><td>Settings and more \/ Settings \/ Clear scan data.<\/td><\/tr><tr><td>Firefox<\/td><td>Tools \/ Options \/ Privacy \/ History \/ Custom settings.<\/td><\/tr><tr><td>Chrome<\/td><td>Settings \/ Advanced settings \/ Privacy and security \/ Clear browsing data.<\/td><\/tr><tr><td>Safari<\/td><td>Preferences \/ Security. For more information, you can consult Apple support or browser Help.<\/td><\/tr><\/tbody><\/table><\/div>[\/vc_tta_section][vc_tta_section title=&#8221;Can modifications to the Cookies Policy occur?&#8221; tab_id=&#8221;1556796867030-7c6cda37-335c12b0-0223&#8243;][vc_column_text]<span class=\"notranslate\">The Website may modify this Cookies Policy according to the legislative, regulatory requirements, or with the purpose of adapting said policy to the instructions issued by the Spanish Agency for Data Protection, therefore users are advised to visit it periodically.<\/span><\/p>\n<p><span class=\"notranslate\"> When there are significant changes to this <em>Cookies<\/em> Policy, users will be notified either through the web or through email to registered users.<\/span>[\/vc_column_text][\/vc_tta_section][\/vc_tta_accordion][\/vc_column][\/vc_row]<\/p>","protected":false},"excerpt":{"rendered":"<p>[vc_row][vc_column][vc_column_text] The website uses its own and third-party cookies to evaluate and improve the user&#8217;s browsing experience. Through the following Cookies Policy, we provide you with more detailed information about our use of cookies: [\/vc_column_text][\/vc_column][\/vc_row][vc_row][vc_column][vc_tta_accordion style=&#8221;anps-style-1&#8243; active_section=&#8221;1&#8243;][vc_tta_section title=&#8221;What are cookies?&#8221; &hellip;<\/p>\n","protected":false},"author":4,"featured_media":0,"parent":0,"menu_order":0,"comment_status":"closed","ping_status":"closed","template":"","meta":[],"_links":{"self":[{"href":"https:\/\/soldaduratecnica.com\/en\/wp-json\/wp\/v2\/pages\/2471"}],"collection":[{"href":"https:\/\/soldaduratecnica.com\/en\/wp-json\/wp\/v2\/pages"}],"about":[{"href":"https:\/\/soldaduratecnica.com\/en\/wp-json\/wp\/v2\/types\/page"}],"author":[{"embeddable":true,"href":"https:\/\/soldaduratecnica.com\/en\/wp-json\/wp\/v2\/users\/4"}],"replies":[{"embeddable":true,"href":"https:\/\/soldaduratecnica.com\/en\/wp-json\/wp\/v2\/comments?post=2471"}],"version-history":[{"count":40,"href":"https:\/\/soldaduratecnica.com\/en\/wp-json\/wp\/v2\/pages\/2471\/revisions"}],"predecessor-version":[{"id":3004,"href":"https:\/\/soldaduratecnica.com\/en\/wp-json\/wp\/v2\/pages\/2471\/revisions\/3004"}],"wp:attachment":[{"href":"https:\/\/soldaduratecnica.com\/en\/wp-json\/wp\/v2\/media?parent=2471"}],"curies":[{"name":"wp","href":"https:\/\/api.w.org\/{rel}","templated":true}]}}