{"id":648,"date":"2014-07-16T10:27:30","date_gmt":"2014-07-16T10:27:30","guid":{"rendered":"http:\/\/soldaduratecnica.com\/?page_id=648"},"modified":"2015-03-23T12:40:16","modified_gmt":"2015-03-23T12:40:16","slug":"aviso-legal-y-condiciones-de-uso-del-sitio-web","status":"publish","type":"page","link":"https:\/\/soldaduratecnica.com\/en\/aviso-legal-y-condiciones-de-uso-del-sitio-web\/","title":{"rendered":"AVISO LEGAL Y CONDICIONES DE USO DEL SITIO WEB"},"content":{"rendered":"<p><strong>Titular del Sitio Web<\/strong><\/p>\n<ul>\n<li><strong>Denominaci\u00f3n social:<\/strong> <strong>ATES2003 S.L.U.<\/strong> (en adelante, ATES2003)<\/li>\n<li><strong>NIF:<\/strong> <strong>B-86640844<\/strong><\/li>\n<li><strong>Domicilio social:<\/strong> <strong>\u00a0C\/ Pr\u00edncipe, 39 \u2013 28.300 Aranjuez (Madrid \u2013 Espa\u00f1a)<\/strong><\/li>\n<li><strong>Contacto:<\/strong>\n<ul>\n<li>Tel\u00e9fono: (+34) 925 11 61 73<\/li>\n<li>Direcci\u00f3n de correo electr\u00f3nico: <a href=\"mailto:ates2003@soldaduratecnica.com\">ates2003@soldaduratecnica.com<\/a><\/li>\n<li><a href=\"http:\/\/soldaduratecnica.com\/contacto\/\">Formulario online de contacto<\/a><\/li>\n<\/ul>\n<\/li>\n<li><strong>Registros:<\/strong>\n<ul>\n<li>Registro Mercantil de Madrid, <strong>Tomo: 30.690; Libro: 0; Folio: 61; Secci\u00f3n: 8; Hoja: M552242. Inscripci\u00f3n o anotaci\u00f3n: 1 de fecha 29\/01\/2013.<\/strong><\/li>\n<\/ul>\n<\/li>\n<li><strong>Declaraciones, C\u00f3digos de conducta y Normativa aplicable: <\/strong>\n<ul>\n<li><span style=\"text-decoration: underline;\">Normativa espec\u00edfica<\/span> (<a href=\"http:\/\/www.icam.es\/web3\/docs\/es\/200703020002_6_16.pdf\" target=\"_blank\">ver en pdf<\/a>): Ley de Asistencia Jur\u00eddica Gratuita, Estatuto General de la Abogac\u00eda Espa\u00f1ola.<\/li>\n<li><span style=\"text-decoration: underline;\">C\u00f3digos \u00e9ticos<\/span>: <a href=\"http:\/\/www.cgae.es\/portalCGAE\/archivos\/ficheros\/1170956112478.pdf\" target=\"_blank\">C\u00f3digo Deontol\u00f3gico de la Abogac\u00eda Espa\u00f1ola<\/a> y <a href=\"http:\/\/www.cgae.es\/portalCGAE\/archivos\/ficheros\/1181908978825.pdf\" target=\"_blank\">de la Uni\u00f3n Europea<\/a>,<\/li>\n<\/ul>\n<\/li>\n<li><strong>P\u00e1ginas de ATES2003 (En adelante, Sitio Web):<\/strong>\n<ul>\n<li>P\u00e1gina web principal: <a href=\"http:\/\/soldaduratecnica.com\/\">soldaduratecnica.com\/<\/a><\/li>\n<li>P\u00e1ginas web de servicio o secundarias:<\/li>\n<\/ul>\n<\/li>\n<\/ul>\n<p style=\"text-align: justify;\"><strong>I.- Pol\u00edtica de privacidad y protecci\u00f3n de datos personales<\/strong><\/p>\n<p style=\"text-align: justify;\"><strong>* Ejercicio de Derechos de Protecci\u00f3n de Datos<\/strong><\/p>\n<p style=\"text-align: justify;\">Los usuarios pueden dirigir una comunicaci\u00f3n por escrito al domicilio social de ATES2003 o a la direcci\u00f3n de correo electr\u00f3nico indicado en el encabezamiento de este aviso legal, incluyendo en ambos casos fotocopia de su DNI u otro documento identificativo similar, para solicitar el ejercicio de los derechos de <a href=\"http:\/\/www.agpd.es\/portalwebAGPD\/canalciudadano\/derechosciudadano\/derecho_acceso\/index-ides-idphp.php\">acceso<\/a>, <a href=\"http:\/\/www.agpd.es\/portalwebAGPD\/canalciudadano\/derechosciudadano\/derecho_rectificacion\/index-ides-idphp.php\">rectificaci\u00f3n<\/a>, <a href=\"http:\/\/www.agpd.es\/portalwebAGPD\/canalciudadano\/derechosciudadano\/derecho_cancelacion\/index-ides-idphp.php\">cancelaci\u00f3n<\/a> y <a href=\"http:\/\/www.agpd.es\/portalwebAGPD\/canalciudadano\/derechosciudadano\/derecho_oposicion\/index-ides-idphp.php\">oposici\u00f3n<\/a>.<\/p>\n<p style=\"text-align: justify;\"><strong>* V\u00edas a trav\u00e9s de las cuales se recaban datos personales. Finalidades del tratamiento<\/strong><\/p>\n<ul style=\"text-align: justify;\">\n<li><strong>Formularios de contacto y medios de comunicaci\u00f3n tradicionales<\/strong><\/li>\n<\/ul>\n<p style=\"text-align: justify;\">Se permite al usuario el env\u00edo no cifrado (o cifrado con PGP si el usuario lo desea) de sus datos personales a trav\u00e9s de formularios de contacto de tipo est\u00e1ndar, desarrollados por ( ) y alojados en los servidores de ATES2003, contratados a la empresa ( ). Los datos personales recogidos ser\u00e1n objeto de tratamiento automatizado e incorporados a los correspondientes ficheros de los que ATES2003 es titular. Nos llegar\u00e1 su IP, que ser\u00e1 usada para comprobar el origen del mensaje con objeto de ofrecerle recomendaciones legales adecuadas al mismo (por ejemplo, recomendaciones de abogados y servicios de pa\u00edses diferentes a Espa\u00f1a) y para detectar posibles irregularidades (por ejemplo: partes opuestas del mismo caso escriben desde la misma IP). Asimismo, podr\u00e1 facilitarnos sus datos a trav\u00e9s de tel\u00e9fono, correo electr\u00f3nico y otros medios de comunicaci\u00f3n indicados en la secci\u00f3n de <a href=\"http:\/\/soldaduratecnica.com\/contacto\/\">contacto<\/a>. La finalidad del tratamiento de estos datos ser\u00e1 \u00fanicamente la de prestarle la informaci\u00f3n o servicios que nos solicite.<\/p>\n<p style=\"text-align: justify;\">Ciertos servicios prestados a trav\u00e9s del website pueden contener condiciones particulares con previsiones espec\u00edficas en materia de protecci\u00f3n de datos personales. Se hace indispensable su lectura y aceptaci\u00f3n con car\u00e1cter previo a la solicitud del servicio de que se trate.<\/p>\n<ul style=\"text-align: justify;\">\n<li><strong>Redes sociales<\/strong><\/li>\n<\/ul>\n<p style=\"text-align: justify;\">ATES2003 cuenta con perfil en las principales redes sociales de Internet (<a href=\"https:\/\/www.facebook.com\/ates2003soldaduratecnica\" target=\"_blank\">Facebook<\/a>, <a href=\"https:\/\/twitter.com\/\" target=\"_blank\">Twitter<\/a>, <a href=\"http:\/\/www.linkedin.com\/\" target=\"_blank\">LinkedIn<\/a>, y <a href=\"https:\/\/plus.google.com\/\" target=\"_blank\">Google+<\/a>), reconoci\u00e9ndose en todos los casos responsable del tratamiento de los datos de sus seguidores, fans, suscriptores, comentaristas y otros perfiles de usuarios (en adelante, seguidores). El tratamiento que ATES2003 llevar\u00e1 a cabo con dichos datos ser\u00e1, como m\u00e1ximo, el que la red social permita a los perfiles corporativos. As\u00ed pues, ATES2003 podr\u00e1 informar a sus seguidores por cualquier v\u00eda que la red social permita sobre sus actividades, ponencias, ofertas, as\u00ed como prestar servicio personalizado de atenci\u00f3n al cliente. En ning\u00fan caso ATES2003 extraer\u00e1 datos de las redes sociales, a menos que se obtuviera puntual y expresamente el consentimiento del usuario para ello. Cuando, debido a la propia naturaleza de las redes sociales, el ejercicio efectivo de los derechos del seguidor quede supeditado a la modificaci\u00f3n del perfil personal de \u00e9ste, ATES2003 le ayudar\u00e1 y aconsejar\u00e1 a tal fin en la medida de sus posibilidades.<\/p>\n<ul style=\"text-align: justify;\">\n<li><strong>Bolet\u00edn o RSS por e-mail<\/strong><\/li>\n<\/ul>\n<p style=\"text-align: justify;\">El servicio de actualizaciones autom\u00e1ticas o de suscripci\u00f3n v\u00eda <em>feed<\/em> del Sitio Web se gestiona por medio de ( ), de\u00a0\u201cGoogle, Inc\u201d., bajo la <a href=\"http:\/\/www.google.com\/privacy.html\">pol\u00edtica de privacidad de Google<\/a>. El env\u00edo de las actualizaciones de contenidos del Sitio Web a trav\u00e9s de correo electr\u00f3nico es diario, autom\u00e1tico y gratuito para el usuario quien, para suscribirse, deber\u00e1\u00a0 prestar su autorizaci\u00f3n previa y expresa mediante 3 sistemas sucesivos de verificaci\u00f3n de identidad. Si usted est\u00e1 suscrito v\u00eda <em>e-mail<\/em> al <em>feed<\/em> del <em>website<\/em>, puede darse de baja en cualquier momento pulsando el enlace que le aparece al final del mensaje de actualizaci\u00f3n que recibe en su correo electr\u00f3nico, escribiendo a la siguiente direcci\u00f3n de correo ordinario gestionada \u00fanicamente por FeedBurner (Google, Inc.): \u201cATES2003, c\/o FeedBurner, 20 W Kinzie, 9th Floor, Chicago IL USA 60610\u2033 o dirigiendo una solicitud de ejercicio de su derecho a ATES2003.<\/p>\n<ul style=\"text-align: justify;\">\n<li><strong>Navegaci\u00f3n web (cookies)<\/strong><\/li>\n<\/ul>\n<p style=\"text-align: justify;\">La versi\u00f3n de escritorio del Sitio Web utiliza <em><a href=\"http:\/\/es.wikipedia.org\/wiki\/Cookie_%28inform%C3%A1tica%29\" target=\"_blank\">cookies<\/a><\/em>; su versi\u00f3n m\u00f3vil no las usa. Las <em>cookies<\/em> son ficheros creados en el navegador del usuario para registrar su actividad en el Sitio Web y permitirle una navegaci\u00f3n m\u00e1s fluida y personalizada.<\/p>\n<p style=\"text-align: justify;\">En el Sitio web instalamos solo cookies t\u00e9cnicas, lo que nos permite no mostrar en \u00e9l banner de cookies.<\/p>\n<p style=\"text-align: justify;\">En alguna p\u00e1gina del Sitio Web se muestra contenido embebido e invocado que puede instalarle cookies t\u00e9cnicas de terceros con la \u00fanica finalidad de permitirle su visualizaci\u00f3n. Si desea hacernos alguna pregunta sobre las cookies que le instalamos, <a href=\"http:\/\/soldaduratecnica.com\/contacto\/\">contacte con nosotros<\/a>.<\/p>\n<p style=\"text-align: justify;\">Para utilizar este Sitio Web no resulta necesaria la instalaci\u00f3n de <em>cookies<\/em>. El usuario puede no aceptarlas o configurar su navegador para bloquearlas y, en su caso, eliminarlas.<\/p>\n<p style=\"text-align: justify;\">En otros sitios de Ates2003 se instalan cookies de terceros a todos sus visitantes, aunque no sean usuarios registrados en las correspondientes plataformas:<\/p>\n<ul style=\"text-align: justify;\">\n<li>Ates2003 en Facebook. <em>Cookies<\/em>: datr, reg_fb_gate y reg_fb_ref. Sus finalidades est\u00e1n descritas en la <a href=\"https:\/\/www.facebook.com\/help\/cookies\" target=\"_blank\">P\u00e1gina de Cookies de Facebook<\/a>.<\/li>\n<li>Ates2003 en Twitter. <em>Cookies<\/em>: guest_id, __utma, __utmb, __utmc, __utmz, original_referer y _twitter_sess. Sus finalidades est\u00e1n descritas en la <a href=\"https:\/\/twitter.com\/privacy\" target=\"_blank\">P\u00e1gina de Privacidad de Twitter<\/a>.<\/li>\n<li>Ates2003 en LinkedIn.\u00a0 <em>Cookies<\/em>: JSESSIONID, visit, bcookie, S-LI-IDC, L1e, X-LI-IDC, _qca, RT, __utma, __utmb, __utmc, __utmz, __utmv, leo_auth_token, lang. Sus finalidades est\u00e1n descritas en la <a href=\"http:\/\/www.linkedin.com\/legal\/cookie-policy?trk=hb_ft_cookie\" target=\"_blank\">P\u00e1gina de Cookies de LinkedIn<\/a>.<\/li>\n<li>Ates2003 en Google+, maps y local. <em>Cookies<\/em>: test_cookie, NID, OTZ, PREF. Sus finalidades est\u00e1n descritas en la <a href=\"http:\/\/www.google.com\/intl\/es\/policies\/technologies\/types\/\" target=\"_blank\">P\u00e1gina de Cookies de Google<\/a>.<\/li>\n<\/ul>\n<p style=\"text-align: justify;\"><strong>* Obligaci\u00f3n de Secreto Profesional, Confidencialidad y destrucci\u00f3n documental<\/strong><\/p>\n<p style=\"text-align: justify;\">Los abogados y asesores de Ates2003 que tuvieran alg\u00fan tipo de intervenci\u00f3n en los servicios prestados al cliente, est\u00e1n comprometidos a no divulgar ni hacer uso de la informaci\u00f3n a la que hayan accedido por raz\u00f3n de su profesi\u00f3n, por as\u00ed disponerlo el art\u00edculo 5 del <a href=\"http:\/\/www.icam.es\/web3\/docs\/de\/200402190002_6_0.pdf\" target=\"_blank\">C\u00f3digo Deontol\u00f3gico de la Abogac\u00eda Espa\u00f1ola<\/a>.\u00a0La informaci\u00f3n suministrada por el cliente tendr\u00e1, en todo caso, la consideraci\u00f3n de confidencial, sin que pueda ser utilizada para otros fines que los relacionados con los servicios contratados a Ates2003. Ates2003 se obliga a no divulgar ni revelar informaci\u00f3n sobre las pretensiones del cliente, los motivos del asesoramiento solicitado o la duraci\u00f3n de su relaci\u00f3n con \u00e9ste.<\/p>\n<p style=\"text-align: justify;\">Con el objetivo de preservar y garantizar la confidencialidad, Ates2003 se compromete a destruir toda la informaci\u00f3n confidencial a la que por raz\u00f3n de una prestaci\u00f3n de servicios haya tenido acceso una vez transcurridos 90 d\u00edas desde la finalizaci\u00f3n del servicio al Cliente. Si el Cliente desea conservar el original o una copia de dicha informaci\u00f3n, deber\u00e1 imprimirla o guardarla por sus propios medios o acudir a la sede de Ates2003 para recogerla antes de su destrucci\u00f3n.<\/p>\n<p style=\"text-align: justify;\"><strong>II.- Contenido del Sitio Web<\/strong><\/p>\n<p style=\"text-align: justify;\">Los contenidos literarios del Sitio Web son propiedad de Ates2003. El logotipo del despacho ha sido elaborado para Ates2003, la cual se hace responsable de su autor\u00eda y originalidad objetiva.<\/p>\n<p style=\"text-align: justify;\"><strong>III.- Responsabilidad por el contenido del Sitio Web<\/strong><\/p>\n<p style=\"text-align: justify;\">El Sitio Web contiene textos elaborados con fines meramente informativos o divulgativos que pueden no reflejar el estado actual de la legislaci\u00f3n o la jurisprudencia y que se refieren a situaciones generales por lo que su contenido no puede ser aplicado nunca por el usuario a casos concretos. Las opiniones vertidas en los mismos no reflejan necesariamente los puntos de vista de Ates2003. El contenido de los art\u00edculos publicados en este Sitio Web no puede ser considerado, en ning\u00fan caso, sustitutivo de asesoramiento legal. El usuario no debe actuar sobre la base de la informaci\u00f3n contenida en este Sitio Web sin recurrir previamente al correspondiente asesoramiento profesional.<\/p>\n<p style=\"text-align: justify;\">Los enlaces externos que contiene este Sitio Web conducen a sitios gestionados por terceros. Ates2003 no responde de los contenidos ni del estado de dichos sitios. El uso de enlaces externos tampoco implica que Ates2003 recomiende o apruebe los contenidos de las p\u00e1ginas de destino.<\/p>\n<p style=\"text-align: justify;\"><strong>IV. Normativa y Jurisdicci\u00f3n<\/strong><\/p>\n<p style=\"text-align: justify;\">Las presentes Condiciones de Uso del Sitio Web se rigen en todos y cada uno de sus extremos por la ley espa\u00f1ola. El idioma de redacci\u00f3n e interpretaci\u00f3n de este aviso legal es el espa\u00f1ol. Este aviso legal no se archivar\u00e1 individualmente para cada usuario sino que permanecer\u00e1 accesible por medio de Internet en este mismo <a href=\"http:\/\/www.soldaduratecnica.com\/aviso-legal\/\">sitio web<\/a>.<\/p>\n<p style=\"text-align: justify;\">Los Usuarios pueden someterse al Sistema Arbitral de Consumo del que Ates2003 forma parte para resolver cualquier controversia o reclamaci\u00f3n derivada del presente texto o de cualquier actividad de Ates2003, excepto para solventar aquellos conflictos que traigan causa del desarrollo de una actividad que requiera colegiaci\u00f3n, en cuyo caso el Cliente deber\u00e1 dirigirse al \u00f3rgano correspondiente del colegio de abogados oportuno. Siempre que el Usuario no sea \u201cconsumidor o usuario\u201d conforme los define la normativa espa\u00f1ola, y cuando no haya una norma que obligue a otra cosa, las partes acuerdan someterse a los Juzgados y Tribunales de Madrid capital, por ser \u00e9ste el lugar de celebraci\u00f3n del contrato, con renuncia expresa a cualquier otra jurisdicci\u00f3n que pudiera corresponderles.<\/p>\n","protected":false},"excerpt":{"rendered":"<p>Titular del Sitio Web Denominaci\u00f3n social: ATES2003 S.L.U. (en adelante, ATES2003) NIF: B-86640844 Domicilio social: \u00a0C\/ Pr\u00edncipe, 39 \u2013 28.300 Aranjuez (Madrid \u2013 Espa\u00f1a) Contacto: Tel\u00e9fono: (+34) 925 11 61 73 Direcci\u00f3n de correo electr\u00f3nico: ates2003@soldaduratecnica.com Formulario online de contacto &hellip;<\/p>\n","protected":false},"author":4,"featured_media":0,"parent":0,"menu_order":0,"comment_status":"closed","ping_status":"closed","template":"","meta":[],"_links":{"self":[{"href":"https:\/\/soldaduratecnica.com\/en\/wp-json\/wp\/v2\/pages\/648"}],"collection":[{"href":"https:\/\/soldaduratecnica.com\/en\/wp-json\/wp\/v2\/pages"}],"about":[{"href":"https:\/\/soldaduratecnica.com\/en\/wp-json\/wp\/v2\/types\/page"}],"author":[{"embeddable":true,"href":"https:\/\/soldaduratecnica.com\/en\/wp-json\/wp\/v2\/users\/4"}],"replies":[{"embeddable":true,"href":"https:\/\/soldaduratecnica.com\/en\/wp-json\/wp\/v2\/comments?post=648"}],"version-history":[{"count":8,"href":"https:\/\/soldaduratecnica.com\/en\/wp-json\/wp\/v2\/pages\/648\/revisions"}],"predecessor-version":[{"id":663,"href":"https:\/\/soldaduratecnica.com\/en\/wp-json\/wp\/v2\/pages\/648\/revisions\/663"}],"wp:attachment":[{"href":"https:\/\/soldaduratecnica.com\/en\/wp-json\/wp\/v2\/media?parent=648"}],"curies":[{"name":"wp","href":"https:\/\/api.w.org\/{rel}","templated":true}]}}